{"id":301,"date":"2021-06-04T19:24:36","date_gmt":"2021-06-04T19:24:36","guid":{"rendered":"http:\/\/masbroker.com\/?page_id=301"},"modified":"2021-06-04T19:35:24","modified_gmt":"2021-06-04T19:35:24","slug":"pyme","status":"publish","type":"page","link":"http:\/\/masbroker.com\/?page_id=301","title":{"rendered":"PyME"},"content":{"rendered":"\t\t<div data-elementor-type=\"wp-page\" data-elementor-id=\"301\" class=\"elementor elementor-301\" data-elementor-settings=\"[]\">\n\t\t\t\t\t\t\t<div class=\"elementor-section-wrap\">\n\t\t\t\t\t\t\t<section class=\"elementor-section elementor-top-section elementor-element elementor-element-b6fbf19 elementor-section-boxed elementor-section-height-default elementor-section-height-default\" data-id=\"b6fbf19\" data-element_type=\"section\">\n\t\t\t\t\t\t<div class=\"elementor-container elementor-column-gap-default\">\n\t\t\t\t\t<div class=\"elementor-column elementor-col-100 elementor-top-column elementor-element elementor-element-eca69f9\" data-id=\"eca69f9\" data-element_type=\"column\">\n\t\t\t<div class=\"elementor-widget-wrap elementor-element-populated\">\n\t\t\t\t\t\t\t\t<div class=\"elementor-element elementor-element-46cba63 elementor-widget elementor-widget-heading\" data-id=\"46cba63\" data-element_type=\"widget\" data-widget_type=\"heading.default\">\n\t\t\t\t<div class=\"elementor-widget-container\">\n\t\t\t<h2 class=\"elementor-heading-title elementor-size-default\">Cr\u00e9dito PyMe<\/h2>\t\t<\/div>\n\t\t\t\t<\/div>\n\t\t\t\t\t<\/div>\n\t\t<\/div>\n\t\t\t\t\t\t\t<\/div>\n\t\t<\/section>\n\t\t\t\t<section class=\"elementor-section elementor-top-section elementor-element elementor-element-5e5b19e elementor-section-boxed elementor-section-height-default elementor-section-height-default\" data-id=\"5e5b19e\" data-element_type=\"section\">\n\t\t\t\t\t\t<div class=\"elementor-container elementor-column-gap-default\">\n\t\t\t\t\t<div class=\"elementor-column elementor-col-100 elementor-top-column elementor-element elementor-element-b122a35\" data-id=\"b122a35\" data-element_type=\"column\">\n\t\t\t<div class=\"elementor-widget-wrap elementor-element-populated\">\n\t\t\t\t\t\t\t\t<div class=\"elementor-element elementor-element-e12d361 elementor-widget elementor-widget-text-editor\" data-id=\"e12d361\" data-element_type=\"widget\" data-widget_type=\"text-editor.default\">\n\t\t\t\t<div class=\"elementor-widget-container\">\n\t\t\t\t\t\t\t\t<p>Tenemos muchas opciones para Personas F\u00edsicas con Actividad Empresarial o bien Peque\u00f1as y Medianas Empresas, trabajamos con diferentes Instituciones que nos ofrecen alternativas que permiten cubrir las necesidades inmediatas,\u00a0 mediano y largo plazo, as\u00ed como, cr\u00e9ditos revolventes, que puedes ocupar cuando sea necesario.<\/p><p>Cubre los requisitos de financiamiento para capital de trabajo, Activos Fijos, arrendamiento, factoraje, etc.<\/p><p>Crece tu Negocio o afronta imprevistos.<\/p>\t\t\t\t\t\t<\/div>\n\t\t\t\t<\/div>\n\t\t\t\t\t<\/div>\n\t\t<\/div>\n\t\t\t\t\t\t\t<\/div>\n\t\t<\/section>\n\t\t\t\t<section class=\"elementor-section elementor-top-section elementor-element elementor-element-0b53665 elementor-section-boxed elementor-section-height-default elementor-section-height-default\" data-id=\"0b53665\" data-element_type=\"section\">\n\t\t\t\t\t\t<div class=\"elementor-container elementor-column-gap-default\">\n\t\t\t\t\t<div class=\"elementor-column elementor-col-100 elementor-top-column elementor-element elementor-element-c23787a\" data-id=\"c23787a\" data-element_type=\"column\">\n\t\t\t<div class=\"elementor-widget-wrap elementor-element-populated\">\n\t\t\t\t\t\t\t\t<div class=\"elementor-element elementor-element-740df57 elementor-widget elementor-widget-image\" data-id=\"740df57\" data-element_type=\"widget\" data-widget_type=\"image.default\">\n\t\t\t\t<div class=\"elementor-widget-container\">\n\t\t\t\t\t\t\t\t\t\t\t\t\t\t\t<img loading=\"lazy\" decoding=\"async\" width=\"1024\" height=\"683\" src=\"http:\/\/masbroker.com\/wp-content\/uploads\/2021\/06\/razvan-chisu-Ua-agENjmI4-unsplash-1024x683.jpg\" class=\"attachment-large size-large\" alt=\"\" srcset=\"http:\/\/masbroker.com\/wp-content\/uploads\/2021\/06\/razvan-chisu-Ua-agENjmI4-unsplash-1024x683.jpg 1024w, http:\/\/masbroker.com\/wp-content\/uploads\/2021\/06\/razvan-chisu-Ua-agENjmI4-unsplash-300x200.jpg 300w, http:\/\/masbroker.com\/wp-content\/uploads\/2021\/06\/razvan-chisu-Ua-agENjmI4-unsplash-768x512.jpg 768w, http:\/\/masbroker.com\/wp-content\/uploads\/2021\/06\/razvan-chisu-Ua-agENjmI4-unsplash-1536x1024.jpg 1536w, http:\/\/masbroker.com\/wp-content\/uploads\/2021\/06\/razvan-chisu-Ua-agENjmI4-unsplash-2048x1365.jpg 2048w\" sizes=\"auto, (max-width: 1024px) 100vw, 1024px\" \/>\t\t\t\t\t\t\t\t\t\t\t\t\t\t\t<\/div>\n\t\t\t\t<\/div>\n\t\t\t\t\t<\/div>\n\t\t<\/div>\n\t\t\t\t\t\t\t<\/div>\n\t\t<\/section>\n\t\t\t\t\t\t<\/div>\n\t\t\t\t\t<\/div>\n\t\t","protected":false},"excerpt":{"rendered":"<p>Cr\u00e9dito PyMe Tenemos muchas opciones para Personas F\u00edsicas con Actividad Empresarial o bien Peque\u00f1as y Medianas Empresas, trabajamos con diferentes Instituciones que nos ofrecen alternativas que permiten cubrir las necesidades inmediatas,\u00a0 mediano y largo plazo, as\u00ed como, cr\u00e9ditos revolventes, que puedes ocupar cuando sea necesario. Cubre los requisitos de financiamiento para capital de trabajo, Activos &hellip;<\/p>\n<p class=\"read-more\"> <a class=\"\" href=\"http:\/\/masbroker.com\/?page_id=301\"> <span class=\"screen-reader-text\">PyME<\/span> Read More &raquo;<\/a><\/p>\n","protected":false},"author":1,"featured_media":0,"parent":0,"menu_order":0,"comment_status":"closed","ping_status":"closed","template":"","meta":{"footnotes":""},"class_list":["post-301","page","type-page","status-publish","hentry"],"_links":{"self":[{"href":"http:\/\/masbroker.com\/index.php?rest_route=\/wp\/v2\/pages\/301","targetHints":{"allow":["GET"]}}],"collection":[{"href":"http:\/\/masbroker.com\/index.php?rest_route=\/wp\/v2\/pages"}],"about":[{"href":"http:\/\/masbroker.com\/index.php?rest_route=\/wp\/v2\/types\/page"}],"author":[{"embeddable":true,"href":"http:\/\/masbroker.com\/index.php?rest_route=\/wp\/v2\/users\/1"}],"replies":[{"embeddable":true,"href":"http:\/\/masbroker.com\/index.php?rest_route=%2Fwp%2Fv2%2Fcomments&post=301"}],"version-history":[{"count":7,"href":"http:\/\/masbroker.com\/index.php?rest_route=\/wp\/v2\/pages\/301\/revisions"}],"predecessor-version":[{"id":310,"href":"http:\/\/masbroker.com\/index.php?rest_route=\/wp\/v2\/pages\/301\/revisions\/310"}],"wp:attachment":[{"href":"http:\/\/masbroker.com\/index.php?rest_route=%2Fwp%2Fv2%2Fmedia&parent=301"}],"curies":[{"name":"wp","href":"https:\/\/api.w.org\/{rel}","templated":true}]}}