{"id":272,"date":"2021-06-04T19:02:39","date_gmt":"2021-06-04T19:02:39","guid":{"rendered":"http:\/\/masbroker.com\/?page_id=272"},"modified":"2021-06-04T19:03:46","modified_gmt":"2021-06-04T19:03:46","slug":"quienes-somos","status":"publish","type":"page","link":"http:\/\/masbroker.com\/?page_id=272","title":{"rendered":"Quienes Somos"},"content":{"rendered":"\t\t<div data-elementor-type=\"wp-page\" data-elementor-id=\"272\" class=\"elementor elementor-272\" data-elementor-settings=\"[]\">\n\t\t\t\t\t\t\t<div class=\"elementor-section-wrap\">\n\t\t\t\t\t\t\t<section class=\"elementor-section elementor-top-section elementor-element elementor-element-1921c4d elementor-section-boxed elementor-section-height-default elementor-section-height-default\" data-id=\"1921c4d\" data-element_type=\"section\">\n\t\t\t\t\t\t<div class=\"elementor-container elementor-column-gap-default\">\n\t\t\t\t\t<div class=\"elementor-column elementor-col-100 elementor-top-column elementor-element elementor-element-03d928a\" data-id=\"03d928a\" data-element_type=\"column\">\n\t\t\t<div class=\"elementor-widget-wrap elementor-element-populated\">\n\t\t\t\t\t\t\t\t<div class=\"elementor-element elementor-element-d40f199 elementor-widget elementor-widget-heading\" data-id=\"d40f199\" data-element_type=\"widget\" data-widget_type=\"heading.default\">\n\t\t\t\t<div class=\"elementor-widget-container\">\n\t\t\t<h2 class=\"elementor-heading-title elementor-size-default\">Quienes Somos<\/h2>\t\t<\/div>\n\t\t\t\t<\/div>\n\t\t\t\t\t<\/div>\n\t\t<\/div>\n\t\t\t\t\t\t\t<\/div>\n\t\t<\/section>\n\t\t\t\t<section class=\"elementor-section elementor-top-section elementor-element elementor-element-85625ca elementor-section-boxed elementor-section-height-default elementor-section-height-default\" data-id=\"85625ca\" data-element_type=\"section\">\n\t\t\t\t\t\t<div class=\"elementor-container elementor-column-gap-default\">\n\t\t\t\t\t<div class=\"elementor-column elementor-col-100 elementor-top-column elementor-element elementor-element-cedeb33\" data-id=\"cedeb33\" data-element_type=\"column\">\n\t\t\t<div class=\"elementor-widget-wrap elementor-element-populated\">\n\t\t\t\t\t\t\t\t<div class=\"elementor-element elementor-element-d3d1993 elementor-widget elementor-widget-text-editor\" data-id=\"d3d1993\" data-element_type=\"widget\" data-widget_type=\"text-editor.default\">\n\t\t\t\t<div class=\"elementor-widget-container\">\n\t\t\t\t\t\t\t\t<p style=\"text-align: right;\"><strong><span style=\"color: #ff0000;\">TU MEJOR OPCI\u00d3N<\/span><\/strong><\/p>\t\t\t\t\t\t<\/div>\n\t\t\t\t<\/div>\n\t\t\t\t\t<\/div>\n\t\t<\/div>\n\t\t\t\t\t\t\t<\/div>\n\t\t<\/section>\n\t\t\t\t<section class=\"elementor-section elementor-top-section elementor-element elementor-element-7400930a elementor-section-content-middle elementor-section-boxed elementor-section-height-default elementor-section-height-default\" data-id=\"7400930a\" data-element_type=\"section\">\n\t\t\t\t\t\t<div class=\"elementor-container elementor-column-gap-no\">\n\t\t\t\t\t<div class=\"elementor-column elementor-col-50 elementor-top-column elementor-element elementor-element-f2919db\" data-id=\"f2919db\" data-element_type=\"column\">\n\t\t\t<div class=\"elementor-widget-wrap elementor-element-populated\">\n\t\t\t\t\t\t\t\t<div class=\"elementor-element elementor-element-10660e70 elementor-widget elementor-widget-heading\" data-id=\"10660e70\" data-element_type=\"widget\" data-widget_type=\"heading.default\">\n\t\t\t\t<div class=\"elementor-widget-container\">\n\t\t\t<h4 class=\"elementor-heading-title elementor-size-default\">Masbroker<\/h4>\t\t<\/div>\n\t\t\t\t<\/div>\n\t\t\t\t<div class=\"elementor-element elementor-element-62913540 elementor-widget elementor-widget-text-editor\" data-id=\"62913540\" data-element_type=\"widget\" data-widget_type=\"text-editor.default\">\n\t\t\t\t<div class=\"elementor-widget-container\">\n\t\t\t\t\t\t\t\t<p style=\"text-align: left; padding-left: 40px;\"><span style=\"color: #333333;\">Somos una Empresa con m\u00e1s de 20 a\u00f1os de experiencia en el ramo Financiero-Crediticio.<\/span><\/p><p style=\"text-align: left; padding-left: 40px;\"><span style=\"color: #333333;\">Ofrecemos servicios integrales de Asesor\u00eda Financiera, para obtener el mejor proceso para la obtenci\u00f3n de Cr\u00e9ditos Hipotecarios, hasta la firma de escrituras.<\/span><\/p><p style=\"text-align: left; padding-left: 40px;\"><span style=\"color: #333333;\">El objetivo primordial de la empresa, es ser la mejor en el ramo, e integrar en\u00a0 un mismo lugar todas las alternativas que ofrecen las Instituciones Financieras, con el esfuerzo de nuestros profesionales y la confianza de nuestros clientes, ofertar una gran gama de productos, para\u00a0 determinar la opci\u00f3n mas adecuada de acuerdo a la situaci\u00f3n y necesidades particulares de cada familia. Logrando as\u00ed, con nuestra asesor\u00eda, el pago, tasa de inter\u00e9s y monto de cr\u00e9dito, que se requiere.<\/span><\/p>\t\t\t\t\t\t<\/div>\n\t\t\t\t<\/div>\n\t\t\t\t\t<\/div>\n\t\t<\/div>\n\t\t\t\t<div class=\"elementor-column elementor-col-50 elementor-top-column elementor-element elementor-element-641efb0a\" data-id=\"641efb0a\" data-element_type=\"column\">\n\t\t\t<div class=\"elementor-widget-wrap elementor-element-populated\">\n\t\t\t\t\t\t\t\t<div class=\"elementor-element elementor-element-72273369 elementor-aspect-ratio-169 elementor-widget elementor-widget-video\" data-id=\"72273369\" data-element_type=\"widget\" data-settings=\"{&quot;video_type&quot;:&quot;hosted&quot;,&quot;controls&quot;:&quot;yes&quot;,&quot;aspect_ratio&quot;:&quot;169&quot;}\" data-widget_type=\"video.default\">\n\t\t\t\t<div class=\"elementor-widget-container\">\n\t\t\t\t\t<div class=\"e-hosted-video elementor-wrapper elementor-fit-aspect-ratio elementor-open-inline\">\n\t\t\t\t\t<video class=\"elementor-video\" src=\"http:\/\/masbroker.com\/wp-content\/uploads\/2021\/06\/POR-QUE-UN-BROKER-VIDEO.mp4\" controls=\"\" controlsList=\"nodownload\"><\/video>\n\t\t\t\t<\/div>\n\t\t\t\t<\/div>\n\t\t\t\t<\/div>\n\t\t\t\t\t<\/div>\n\t\t<\/div>\n\t\t\t\t\t\t\t<\/div>\n\t\t<\/section>\n\t\t\t\t<section class=\"elementor-section elementor-top-section elementor-element elementor-element-4a6cb583 elementor-section-content-middle elementor-section-boxed elementor-section-height-default elementor-section-height-default\" data-id=\"4a6cb583\" data-element_type=\"section\">\n\t\t\t\t\t\t<div class=\"elementor-container elementor-column-gap-no\">\n\t\t\t\t\t<div class=\"elementor-column elementor-col-100 elementor-top-column elementor-element elementor-element-9b45766\" data-id=\"9b45766\" data-element_type=\"column\">\n\t\t\t<div class=\"elementor-widget-wrap elementor-element-populated\">\n\t\t\t\t\t\t\t\t<div class=\"elementor-element elementor-element-44e90fce elementor-widget elementor-widget-heading\" data-id=\"44e90fce\" data-element_type=\"widget\" data-widget_type=\"heading.default\">\n\t\t\t\t<div class=\"elementor-widget-container\">\n\t\t\t<h4 class=\"elementor-heading-title elementor-size-default\">NUESTRO OBJETIVO<\/h4>\t\t<\/div>\n\t\t\t\t<\/div>\n\t\t\t\t<section class=\"elementor-section elementor-inner-section elementor-element elementor-element-21b420be elementor-section-content-middle elementor-section-boxed elementor-section-height-default elementor-section-height-default\" data-id=\"21b420be\" data-element_type=\"section\">\n\t\t\t\t\t\t<div class=\"elementor-container elementor-column-gap-no\">\n\t\t\t\t\t<div class=\"elementor-column elementor-col-33 elementor-inner-column elementor-element elementor-element-57a8c21\" data-id=\"57a8c21\" data-element_type=\"column\">\n\t\t\t<div class=\"elementor-widget-wrap elementor-element-populated\">\n\t\t\t\t\t\t\t\t<div class=\"elementor-element elementor-element-1d26b89c elementor-widget elementor-widget-image\" data-id=\"1d26b89c\" data-element_type=\"widget\" data-widget_type=\"image.default\">\n\t\t\t\t<div class=\"elementor-widget-container\">\n\t\t\t\t\t\t\t\t\t\t\t\t\t\t\t<img loading=\"lazy\" decoding=\"async\" width=\"1024\" height=\"683\" src=\"http:\/\/masbroker.com\/wp-content\/uploads\/2021\/06\/scott-graham-5fNmWej4tAA-unsplash-1024x683.jpg\" class=\"attachment-large size-large\" alt=\"\" srcset=\"http:\/\/masbroker.com\/wp-content\/uploads\/2021\/06\/scott-graham-5fNmWej4tAA-unsplash-1024x683.jpg 1024w, http:\/\/masbroker.com\/wp-content\/uploads\/2021\/06\/scott-graham-5fNmWej4tAA-unsplash-300x200.jpg 300w, http:\/\/masbroker.com\/wp-content\/uploads\/2021\/06\/scott-graham-5fNmWej4tAA-unsplash-768x513.jpg 768w, http:\/\/masbroker.com\/wp-content\/uploads\/2021\/06\/scott-graham-5fNmWej4tAA-unsplash-1536x1025.jpg 1536w, http:\/\/masbroker.com\/wp-content\/uploads\/2021\/06\/scott-graham-5fNmWej4tAA-unsplash-2048x1367.jpg 2048w\" sizes=\"auto, (max-width: 1024px) 100vw, 1024px\" \/>\t\t\t\t\t\t\t\t\t\t\t\t\t\t\t<\/div>\n\t\t\t\t<\/div>\n\t\t\t\t\t<\/div>\n\t\t<\/div>\n\t\t\t\t<div class=\"elementor-column elementor-col-33 elementor-inner-column elementor-element elementor-element-44d8ee70\" data-id=\"44d8ee70\" data-element_type=\"column\">\n\t\t\t<div class=\"elementor-widget-wrap elementor-element-populated\">\n\t\t\t\t\t\t\t\t<div class=\"elementor-element elementor-element-1800280c elementor-widget elementor-widget-heading\" data-id=\"1800280c\" data-element_type=\"widget\" data-widget_type=\"heading.default\">\n\t\t\t\t<div class=\"elementor-widget-container\">\n\t\t\t<h2 class=\"elementor-heading-title elementor-size-default\">EL MEJOR CR\u00c9DITO<\/h2>\t\t<\/div>\n\t\t\t\t<\/div>\n\t\t\t\t<div class=\"elementor-element elementor-element-4337a3ae elementor-widget elementor-widget-text-editor\" data-id=\"4337a3ae\" data-element_type=\"widget\" data-widget_type=\"text-editor.default\">\n\t\t\t\t<div class=\"elementor-widget-container\">\n\t\t\t\t\t\t\t\t<p><span style=\"color: #000000;\">Con nuestra asesor\u00eda conseguimos el monto de cr\u00e9dito necesario, la tasa de inter\u00e9s \u00f3ptima y el pago mensual adecuado.<\/span><\/p>\t\t\t\t\t\t<\/div>\n\t\t\t\t<\/div>\n\t\t\t\t\t<\/div>\n\t\t<\/div>\n\t\t\t\t<div class=\"elementor-column elementor-col-33 elementor-inner-column elementor-element elementor-element-79e028f3\" data-id=\"79e028f3\" data-element_type=\"column\">\n\t\t\t<div class=\"elementor-widget-wrap elementor-element-populated\">\n\t\t\t\t\t\t\t\t<div class=\"elementor-element elementor-element-4a98eee elementor-widget elementor-widget-image\" data-id=\"4a98eee\" data-element_type=\"widget\" data-widget_type=\"image.default\">\n\t\t\t\t<div class=\"elementor-widget-container\">\n\t\t\t\t\t\t\t\t\t\t\t\t\t\t\t\t<a href=\"http:\/\/masbroker.com\/?p=122\">\n\t\t\t\t\t\t\t<img loading=\"lazy\" decoding=\"async\" width=\"1024\" height=\"680\" src=\"http:\/\/masbroker.com\/wp-content\/uploads\/2021\/06\/jeffrey-blum-7-gaPkhIgqs-unsplash-1024x680.jpg\" class=\"attachment-large size-large\" alt=\"\" srcset=\"http:\/\/masbroker.com\/wp-content\/uploads\/2021\/06\/jeffrey-blum-7-gaPkhIgqs-unsplash-1024x680.jpg 1024w, http:\/\/masbroker.com\/wp-content\/uploads\/2021\/06\/jeffrey-blum-7-gaPkhIgqs-unsplash-300x199.jpg 300w, http:\/\/masbroker.com\/wp-content\/uploads\/2021\/06\/jeffrey-blum-7-gaPkhIgqs-unsplash-768x510.jpg 768w, http:\/\/masbroker.com\/wp-content\/uploads\/2021\/06\/jeffrey-blum-7-gaPkhIgqs-unsplash-1536x1020.jpg 1536w, http:\/\/masbroker.com\/wp-content\/uploads\/2021\/06\/jeffrey-blum-7-gaPkhIgqs-unsplash-2048x1360.jpg 2048w\" sizes=\"auto, (max-width: 1024px) 100vw, 1024px\" \/>\t\t\t\t\t\t\t\t<\/a>\n\t\t\t\t\t\t\t\t\t\t\t\t\t\t\t<\/div>\n\t\t\t\t<\/div>\n\t\t\t\t\t<\/div>\n\t\t<\/div>\n\t\t\t\t\t\t\t<\/div>\n\t\t<\/section>\n\t\t\t\t<section class=\"elementor-section elementor-inner-section elementor-element elementor-element-466bd99f elementor-section-content-middle elementor-section-boxed elementor-section-height-default elementor-section-height-default\" data-id=\"466bd99f\" data-element_type=\"section\">\n\t\t\t\t\t\t<div class=\"elementor-container elementor-column-gap-no\">\n\t\t\t\t\t<div class=\"elementor-column elementor-col-33 elementor-inner-column elementor-element elementor-element-428a0026\" data-id=\"428a0026\" data-element_type=\"column\">\n\t\t\t<div class=\"elementor-widget-wrap elementor-element-populated\">\n\t\t\t\t\t\t\t\t<div class=\"elementor-element elementor-element-7fed8d80 elementor-widget elementor-widget-heading\" data-id=\"7fed8d80\" data-element_type=\"widget\" data-widget_type=\"heading.default\">\n\t\t\t\t<div class=\"elementor-widget-container\">\n\t\t\t<h2 class=\"elementor-heading-title elementor-size-default\">\u00bfC\u00f3mo lo Logramos?<\/h2>\t\t<\/div>\n\t\t\t\t<\/div>\n\t\t\t\t<div class=\"elementor-element elementor-element-30c52fff elementor-widget elementor-widget-text-editor\" data-id=\"30c52fff\" data-element_type=\"widget\" data-widget_type=\"text-editor.default\">\n\t\t\t\t<div class=\"elementor-widget-container\">\n\t\t\t\t\t\t\t\t<p><span style=\"color: #000000;\">M\u00e1s Broker cuenta con alianzas estrat\u00e9gicas y colaboraciones con las Instituciones de Cr\u00e9dito, Notarias y Valuadoras.\u00a0 Gracias a estas relaciones SOLIDAS y experiencias REALES, formamos en sinergia equipos de an\u00e1lisis y asesor\u00eda altamente calificados en oferta y sobre aquello que le diferencia de la competencia.<\/span><\/p>\t\t\t\t\t\t<\/div>\n\t\t\t\t<\/div>\n\t\t\t\t\t<\/div>\n\t\t<\/div>\n\t\t\t\t<div class=\"elementor-column elementor-col-33 elementor-inner-column elementor-element elementor-element-6af2cb23\" data-id=\"6af2cb23\" data-element_type=\"column\">\n\t\t\t<div class=\"elementor-widget-wrap elementor-element-populated\">\n\t\t\t\t\t\t\t\t<div class=\"elementor-element elementor-element-3ab9d0a6 elementor-widget elementor-widget-image\" data-id=\"3ab9d0a6\" data-element_type=\"widget\" data-widget_type=\"image.default\">\n\t\t\t\t<div class=\"elementor-widget-container\">\n\t\t\t\t\t\t\t\t\t\t\t\t\t\t\t<img loading=\"lazy\" decoding=\"async\" width=\"1024\" height=\"769\" src=\"http:\/\/masbroker.com\/wp-content\/uploads\/2021\/06\/maria-ziegler-jJnZg7vBfMs-unsplash-1024x769.jpg\" class=\"attachment-large size-large\" alt=\"\" srcset=\"http:\/\/masbroker.com\/wp-content\/uploads\/2021\/06\/maria-ziegler-jJnZg7vBfMs-unsplash-1024x769.jpg 1024w, http:\/\/masbroker.com\/wp-content\/uploads\/2021\/06\/maria-ziegler-jJnZg7vBfMs-unsplash-300x225.jpg 300w, http:\/\/masbroker.com\/wp-content\/uploads\/2021\/06\/maria-ziegler-jJnZg7vBfMs-unsplash-768x577.jpg 768w, http:\/\/masbroker.com\/wp-content\/uploads\/2021\/06\/maria-ziegler-jJnZg7vBfMs-unsplash-1536x1153.jpg 1536w, http:\/\/masbroker.com\/wp-content\/uploads\/2021\/06\/maria-ziegler-jJnZg7vBfMs-unsplash-2048x1538.jpg 2048w\" sizes=\"auto, (max-width: 1024px) 100vw, 1024px\" \/>\t\t\t\t\t\t\t\t\t\t\t\t\t\t\t<\/div>\n\t\t\t\t<\/div>\n\t\t\t\t\t<\/div>\n\t\t<\/div>\n\t\t\t\t<div class=\"elementor-column elementor-col-33 elementor-inner-column elementor-element elementor-element-5e753aca\" data-id=\"5e753aca\" data-element_type=\"column\">\n\t\t\t<div class=\"elementor-widget-wrap elementor-element-populated\">\n\t\t\t\t\t\t\t\t<div class=\"elementor-element elementor-element-5fcff570 elementor-widget elementor-widget-heading\" data-id=\"5fcff570\" data-element_type=\"widget\" data-widget_type=\"heading.default\">\n\t\t\t\t<div class=\"elementor-widget-container\">\n\t\t\t<h2 class=\"elementor-heading-title elementor-size-default\">\u00bfPor qu\u00e9 un Broker Hipotecario?<\/h2>\t\t<\/div>\n\t\t\t\t<\/div>\n\t\t\t\t<div class=\"elementor-element elementor-element-4c879ef7 elementor-widget elementor-widget-text-editor\" data-id=\"4c879ef7\" data-element_type=\"widget\" data-widget_type=\"text-editor.default\">\n\t\t\t\t<div class=\"elementor-widget-container\">\n\t\t\t\t\t\t\t\t<p><span style=\"color: #000000;\">Porque somos especialista en cr\u00e9dito y\u00a0 al ser Independientes, nuestra oferta es 100% objetiva, no quedamos bien con ninguna Instituci\u00f3n, nuestro an\u00e1lisis se basa en la oferta de productos hipotecarios. Tenemos una filosof\u00eda de continua capacitaci\u00f3n para asegurar el nivel de competitividad que nos demanden nuestros clientes.<\/span><\/p>\t\t\t\t\t\t<\/div>\n\t\t\t\t<\/div>\n\t\t\t\t\t<\/div>\n\t\t<\/div>\n\t\t\t\t\t\t\t<\/div>\n\t\t<\/section>\n\t\t\t\t\t<\/div>\n\t\t<\/div>\n\t\t\t\t\t\t\t<\/div>\n\t\t<\/section>\n\t\t\t\t<section class=\"elementor-section elementor-top-section elementor-element elementor-element-dc17003 elementor-section-boxed elementor-section-height-default elementor-section-height-default\" data-id=\"dc17003\" data-element_type=\"section\">\n\t\t\t\t\t\t<div class=\"elementor-container elementor-column-gap-default\">\n\t\t\t\t\t<div class=\"elementor-column elementor-col-100 elementor-top-column elementor-element elementor-element-c1e5de3\" data-id=\"c1e5de3\" data-element_type=\"column\">\n\t\t\t<div class=\"elementor-widget-wrap elementor-element-populated\">\n\t\t\t\t\t\t\t\t<div class=\"elementor-element elementor-element-a8fef56 elementor-widget elementor-widget-text-editor\" data-id=\"a8fef56\" data-element_type=\"widget\" data-widget_type=\"text-editor.default\">\n\t\t\t\t<div class=\"elementor-widget-container\">\n\t\t\t\t\t\t\t\t<p><strong><span style=\"color: #000000;\">No lo pienses m\u00e1s, somos tu mejor opci\u00f3n, cont\u00e1ctanos.<\/span><\/strong><\/p>\t\t\t\t\t\t<\/div>\n\t\t\t\t<\/div>\n\t\t\t\t\t<\/div>\n\t\t<\/div>\n\t\t\t\t\t\t\t<\/div>\n\t\t<\/section>\n\t\t\t\t<section class=\"elementor-section elementor-top-section elementor-element elementor-element-8cfbcad elementor-section-boxed elementor-section-height-default elementor-section-height-default\" data-id=\"8cfbcad\" data-element_type=\"section\">\n\t\t\t\t\t\t<div class=\"elementor-container elementor-column-gap-default\">\n\t\t\t\t\t<div class=\"elementor-column elementor-col-100 elementor-top-column elementor-element elementor-element-70d0bce\" data-id=\"70d0bce\" data-element_type=\"column\">\n\t\t\t<div class=\"elementor-widget-wrap elementor-element-populated\">\n\t\t\t\t\t\t\t\t<div class=\"elementor-element elementor-element-eabc082 elementor-align-center elementor-widget elementor-widget-button\" data-id=\"eabc082\" data-element_type=\"widget\" data-widget_type=\"button.default\">\n\t\t\t\t<div class=\"elementor-widget-container\">\n\t\t\t\t\t<div class=\"elementor-button-wrapper\">\n\t\t\t<a href=\"#contact\" class=\"elementor-button-link elementor-button elementor-size-sm\" role=\"button\">\n\t\t\t\t\t\t<span class=\"elementor-button-content-wrapper\">\n\t\t\t\t\t\t<span class=\"elementor-button-text\">Contac\u00e1nos<\/span>\n\t\t<\/span>\n\t\t\t\t\t<\/a>\n\t\t<\/div>\n\t\t\t\t<\/div>\n\t\t\t\t<\/div>\n\t\t\t\t\t<\/div>\n\t\t<\/div>\n\t\t\t\t\t\t\t<\/div>\n\t\t<\/section>\n\t\t\t\t\t\t<\/div>\n\t\t\t\t\t<\/div>\n\t\t","protected":false},"excerpt":{"rendered":"<p>Quienes Somos TU MEJOR OPCI\u00d3N Masbroker Somos una Empresa con m\u00e1s de 20 a\u00f1os de experiencia en el ramo Financiero-Crediticio. Ofrecemos servicios integrales de Asesor\u00eda Financiera, para obtener el mejor proceso para la obtenci\u00f3n de Cr\u00e9ditos Hipotecarios, hasta la firma de escrituras. El objetivo primordial de la empresa, es ser la mejor en el ramo, &hellip;<\/p>\n<p class=\"read-more\"> <a class=\"\" href=\"http:\/\/masbroker.com\/?page_id=272\"> <span class=\"screen-reader-text\">Quienes Somos<\/span> Read More &raquo;<\/a><\/p>\n","protected":false},"author":1,"featured_media":0,"parent":0,"menu_order":0,"comment_status":"closed","ping_status":"closed","template":"","meta":{"footnotes":""},"class_list":["post-272","page","type-page","status-publish","hentry"],"_links":{"self":[{"href":"http:\/\/masbroker.com\/index.php?rest_route=\/wp\/v2\/pages\/272","targetHints":{"allow":["GET"]}}],"collection":[{"href":"http:\/\/masbroker.com\/index.php?rest_route=\/wp\/v2\/pages"}],"about":[{"href":"http:\/\/masbroker.com\/index.php?rest_route=\/wp\/v2\/types\/page"}],"author":[{"embeddable":true,"href":"http:\/\/masbroker.com\/index.php?rest_route=\/wp\/v2\/users\/1"}],"replies":[{"embeddable":true,"href":"http:\/\/masbroker.com\/index.php?rest_route=%2Fwp%2Fv2%2Fcomments&post=272"}],"version-history":[{"count":4,"href":"http:\/\/masbroker.com\/index.php?rest_route=\/wp\/v2\/pages\/272\/revisions"}],"predecessor-version":[{"id":285,"href":"http:\/\/masbroker.com\/index.php?rest_route=\/wp\/v2\/pages\/272\/revisions\/285"}],"wp:attachment":[{"href":"http:\/\/masbroker.com\/index.php?rest_route=%2Fwp%2Fv2%2Fmedia&parent=272"}],"curies":[{"name":"wp","href":"https:\/\/api.w.org\/{rel}","templated":true}]}}